{"id":171,"date":"2024-08-20T11:08:51","date_gmt":"2024-08-20T09:08:51","guid":{"rendered":"https:\/\/www.dharma-kassel.de\/?page_id=171"},"modified":"2026-03-04T10:53:03","modified_gmt":"2026-03-04T09:53:03","slug":"khen-rinpoche-geshe-pema-samten","status":"publish","type":"page","link":"https:\/\/www.dharma-kassel.de\/?page_id=171","title":{"rendered":"Khensur Rinpoche Geshe Pema Samten"},"content":{"rendered":"\n<div class=\"wp-block-columns is-layout-flex wp-container-core-columns-is-layout-28f84493 wp-block-columns-is-layout-flex\">\n<div class=\"wp-block-column is-layout-flow wp-block-column-is-layout-flow\" style=\"flex-basis:33.33%\">\n<figure class=\"wp-block-image size-large\"><img loading=\"lazy\" decoding=\"async\" width=\"1024\" height=\"768\" src=\"https:\/\/www.dharma-kassel.de\/wp-content\/uploads\/2024\/08\/pemasamten-1024x768.png\" alt=\"\" class=\"wp-image-200\" srcset=\"https:\/\/www.dharma-kassel.de\/wp-content\/uploads\/2024\/08\/pemasamten-1024x768.png 1024w, https:\/\/www.dharma-kassel.de\/wp-content\/uploads\/2024\/08\/pemasamten-300x225.png 300w, https:\/\/www.dharma-kassel.de\/wp-content\/uploads\/2024\/08\/pemasamten-768x576.png 768w, https:\/\/www.dharma-kassel.de\/wp-content\/uploads\/2024\/08\/pemasamten.png 1500w\" sizes=\"auto, (max-width: 1024px) 100vw, 1024px\" \/><\/figure>\n<\/div>\n\n\n\n<div class=\"wp-block-column is-layout-flow wp-block-column-is-layout-flow\" style=\"flex-basis:66.66%\">\n<p>Geshe Pema Samten kam 2003 nach Hamburg zum Tibetischen Zentrum. Er wurde 1957 in Tibet geboren. 1983 trat er als M\u00f6nch ins indische Kloster Sera ein.<br>1997 legte er die Pr\u00fcfung zum Lharampa-Geshe ab, besuchte ein Jahr das Gyudmed-Tantra-Kloster und ging dann zur\u00fcck nach Tibet, wo er seit 1999 &#8211; 2025 Abt (Khen Rinpoche) des Tashi-Dargye-Klosters war.<br>Seit 2003 lebt er in Hamburg und ist st\u00e4ndiger Lehrer im Tibetischen Zentrum. Seine gro\u00dfe Kompetenz als tibetischer Gelehrter ist weltweit gesch\u00e4tzt und wird vielfach angefragt. Geshe Pema Samten versteht es in einer beeindruckenden Weise, die besondere Tiefgr\u00fcndigkeit der Lehre mit Heiterkeit zu verbinden. Seine Unterweisungen bewegen die Zuh\u00f6rerinnen und Zuh\u00f6rern zudem immer wieder durch ihren aktuellen Alltagsbezug.<\/p>\n<\/div>\n<\/div>\n\n\n\n<p><\/p>\n","protected":false},"excerpt":{"rendered":"<p>Geshe Pema Samten kam 2003 nach Hamburg zum Tibetischen Zentrum. Er wurde 1957 in Tibet geboren. 1983 trat er als [&hellip;]<\/p>\n","protected":false},"author":1,"featured_media":0,"parent":0,"menu_order":0,"comment_status":"closed","ping_status":"closed","template":"","meta":{"site-sidebar-layout":"default","site-content-layout":"","ast-site-content-layout":"default","site-content-style":"default","site-sidebar-style":"default","ast-global-header-display":"","ast-banner-title-visibility":"","ast-main-header-display":"","ast-hfb-above-header-display":"","ast-hfb-below-header-display":"","ast-hfb-mobile-header-display":"","site-post-title":"","ast-breadcrumbs-content":"","ast-featured-img":"","footer-sml-layout":"","theme-transparent-header-meta":"","adv-header-id-meta":"","stick-header-meta":"","header-above-stick-meta":"","header-main-stick-meta":"","header-below-stick-meta":"","astra-migrate-meta-layouts":"default","ast-page-background-enabled":"default","ast-page-background-meta":{"desktop":{"background-color":"var(--ast-global-color-4)","background-image":"","background-repeat":"repeat","background-position":"center center","background-size":"auto","background-attachment":"scroll","background-type":"","background-media":"","overlay-type":"","overlay-color":"","overlay-opacity":"","overlay-gradient":""},"tablet":{"background-color":"","background-image":"","background-repeat":"repeat","background-position":"center center","background-size":"auto","background-attachment":"scroll","background-type":"","background-media":"","overlay-type":"","overlay-color":"","overlay-opacity":"","overlay-gradient":""},"mobile":{"background-color":"","background-image":"","background-repeat":"repeat","background-position":"center center","background-size":"auto","background-attachment":"scroll","background-type":"","background-media":"","overlay-type":"","overlay-color":"","overlay-opacity":"","overlay-gradient":""}},"ast-content-background-meta":{"desktop":{"background-color":"var(--ast-global-color-5)","background-image":"","background-repeat":"repeat","background-position":"center center","background-size":"auto","background-attachment":"scroll","background-type":"","background-media":"","overlay-type":"","overlay-color":"","overlay-opacity":"","overlay-gradient":""},"tablet":{"background-color":"var(--ast-global-color-5)","background-image":"","background-repeat":"repeat","background-position":"center center","background-size":"auto","background-attachment":"scroll","background-type":"","background-media":"","overlay-type":"","overlay-color":"","overlay-opacity":"","overlay-gradient":""},"mobile":{"background-color":"var(--ast-global-color-5)","background-image":"","background-repeat":"repeat","background-position":"center center","background-size":"auto","background-attachment":"scroll","background-type":"","background-media":"","overlay-type":"","overlay-color":"","overlay-opacity":"","overlay-gradient":""}},"footnotes":""},"class_list":["post-171","page","type-page","status-publish","hentry"],"_links":{"self":[{"href":"https:\/\/www.dharma-kassel.de\/index.php?rest_route=\/wp\/v2\/pages\/171","targetHints":{"allow":["GET"]}}],"collection":[{"href":"https:\/\/www.dharma-kassel.de\/index.php?rest_route=\/wp\/v2\/pages"}],"about":[{"href":"https:\/\/www.dharma-kassel.de\/index.php?rest_route=\/wp\/v2\/types\/page"}],"author":[{"embeddable":true,"href":"https:\/\/www.dharma-kassel.de\/index.php?rest_route=\/wp\/v2\/users\/1"}],"replies":[{"embeddable":true,"href":"https:\/\/www.dharma-kassel.de\/index.php?rest_route=%2Fwp%2Fv2%2Fcomments&post=171"}],"version-history":[{"count":6,"href":"https:\/\/www.dharma-kassel.de\/index.php?rest_route=\/wp\/v2\/pages\/171\/revisions"}],"predecessor-version":[{"id":645,"href":"https:\/\/www.dharma-kassel.de\/index.php?rest_route=\/wp\/v2\/pages\/171\/revisions\/645"}],"wp:attachment":[{"href":"https:\/\/www.dharma-kassel.de\/index.php?rest_route=%2Fwp%2Fv2%2Fmedia&parent=171"}],"curies":[{"name":"wp","href":"https:\/\/api.w.org\/{rel}","templated":true}]}}